{"id":386,"date":"2022-01-17T22:56:41","date_gmt":"2022-01-17T22:56:41","guid":{"rendered":"https:\/\/magicspavallarta.com\/?page_id=386"},"modified":"2022-03-08T19:24:31","modified_gmt":"2022-03-08T19:24:31","slug":"massages","status":"publish","type":"page","link":"https:\/\/magicspavallarta.com\/es\/massages\/","title":{"rendered":"Massages"},"content":{"rendered":"<div class=\"wp-block-cover alignfull has-background-dim-30 has-background-dim\" style=\"min-height:700px;aspect-ratio:unset;\"><img loading=\"lazy\" decoding=\"async\" width=\"800\" height=\"595\" class=\"wp-block-cover__image-background wp-image-93\" alt=\"\" src=\"https:\/\/magicspavallarta.com\/wp-content\/uploads\/2022\/01\/relaxing-massages-spa-in-puerto-vallarta.jpg\" style=\"object-position:46% 34%\" data-object-fit=\"cover\" data-object-position=\"46% 34%\" srcset=\"https:\/\/magicspavallarta.com\/wp-content\/uploads\/2022\/01\/relaxing-massages-spa-in-puerto-vallarta.jpg 800w, https:\/\/magicspavallarta.com\/wp-content\/uploads\/2022\/01\/relaxing-massages-spa-in-puerto-vallarta-300x223.jpg 300w, https:\/\/magicspavallarta.com\/wp-content\/uploads\/2022\/01\/relaxing-massages-spa-in-puerto-vallarta-768x571.jpg 768w\" sizes=\"auto, (max-width: 800px) 100vw, 800px\" \/><div class=\"wp-block-cover__inner-container is-layout-flow wp-block-cover-is-layout-flow\">\n<h1 class=\"ti\">Masajes en Puerto Vallarta<\/h1>\n<\/div><\/div>\n\n\n\n<div style=\"height:56px\" aria-hidden=\"true\" class=\"wp-block-spacer\"><\/div>\n\n\n\n<div class=\"wp-block-columns alignwide is-layout-flex wp-container-core-columns-is-layout-9d6595d7 wp-block-columns-is-layout-flex\">\n<div class=\"wp-block-column is-layout-flow wp-block-column-is-layout-flow\" style=\"flex-basis:33.33%\">\n<p class=\"small\">Masaje Relajante<\/p>\n\n\n\n<p class=\"sub\">50-80min<\/p>\n\n\n\n<p>Disfrute de una experiencia relajante que estimula la circulaci\u00f3n sangu\u00ednea, la cual disminuye los niveles de estr\u00e9s y ayuda a dormir al relajar el cerebro y los m\u00fasculos. <\/p>\n<\/div>\n\n\n\n<div class=\"wp-block-column is-layout-flow wp-block-column-is-layout-flow\" style=\"flex-basis:66.66%\">\n<figure class=\"wp-block-image size-large\"><img loading=\"lazy\" decoding=\"async\" width=\"1024\" height=\"533\" src=\"https:\/\/magicspavallarta.com\/wp-content\/uploads\/2022\/01\/swedish-massage-in-puerto-vallarta-1024x533.jpg\" alt=\"\" class=\"wp-image-398\" srcset=\"https:\/\/magicspavallarta.com\/wp-content\/uploads\/2022\/01\/swedish-massage-in-puerto-vallarta-1024x533.jpg 1024w, https:\/\/magicspavallarta.com\/wp-content\/uploads\/2022\/01\/swedish-massage-in-puerto-vallarta-300x156.jpg 300w, https:\/\/magicspavallarta.com\/wp-content\/uploads\/2022\/01\/swedish-massage-in-puerto-vallarta-768x400.jpg 768w, https:\/\/magicspavallarta.com\/wp-content\/uploads\/2022\/01\/swedish-massage-in-puerto-vallarta-450x234.jpg 450w, https:\/\/magicspavallarta.com\/wp-content\/uploads\/2022\/01\/swedish-massage-in-puerto-vallarta.jpg 1200w\" sizes=\"auto, (max-width: 1024px) 100vw, 1024px\" \/><\/figure>\n<\/div>\n<\/div>\n\n\n\n<div style=\"height:25px\" aria-hidden=\"true\" class=\"wp-block-spacer\"><\/div>\n\n\n\n<div class=\"wp-block-columns alignwide is-layout-flex wp-container-core-columns-is-layout-9d6595d7 wp-block-columns-is-layout-flex\">\n<div class=\"wp-block-column is-layout-flow wp-block-column-is-layout-flow\" style=\"flex-basis:66.66%\">\n<figure class=\"wp-block-image size-large\"><img loading=\"lazy\" decoding=\"async\" width=\"1024\" height=\"533\" src=\"https:\/\/magicspavallarta.com\/wp-content\/uploads\/2022\/01\/deep-teassu-massage-in-puerto-vallarta-1024x533.jpg\" alt=\"\" class=\"wp-image-405\" srcset=\"https:\/\/magicspavallarta.com\/wp-content\/uploads\/2022\/01\/deep-teassu-massage-in-puerto-vallarta-1024x533.jpg 1024w, https:\/\/magicspavallarta.com\/wp-content\/uploads\/2022\/01\/deep-teassu-massage-in-puerto-vallarta-300x156.jpg 300w, https:\/\/magicspavallarta.com\/wp-content\/uploads\/2022\/01\/deep-teassu-massage-in-puerto-vallarta-768x400.jpg 768w, https:\/\/magicspavallarta.com\/wp-content\/uploads\/2022\/01\/deep-teassu-massage-in-puerto-vallarta-450x234.jpg 450w, https:\/\/magicspavallarta.com\/wp-content\/uploads\/2022\/01\/deep-teassu-massage-in-puerto-vallarta.jpg 1200w\" sizes=\"auto, (max-width: 1024px) 100vw, 1024px\" \/><\/figure>\n<\/div>\n\n\n\n<div class=\"wp-block-column is-layout-flow wp-block-column-is-layout-flow\" style=\"flex-basis:33.33%\">\n<p class=\"small\">Masaje de Tejido Profundo<\/p>\n\n\n\n<p class=\"sub\">50-80min<\/p>\n\n\n\n<p>Disfrute de las t\u00e9cnicas de este masaje el cual se aplica con una presi\u00f3n firme pero relajante; el objetivo de estas manipulaciones es llegar a los tejidos para dar alivio a los dolores musculares, mejorando la movilidad en lesiones del cuerpo. Ayuda en la disminuci\u00f3n del estr\u00e9s y la ansiedad mejorando el estado de animo. <\/p>\n<\/div>\n<\/div>\n\n\n\n<div style=\"height:25px\" aria-hidden=\"true\" class=\"wp-block-spacer\"><\/div>\n\n\n\n<div class=\"wp-block-columns alignwide is-layout-flex wp-container-core-columns-is-layout-9d6595d7 wp-block-columns-is-layout-flex\">\n<div class=\"wp-block-column is-layout-flow wp-block-column-is-layout-flow\" style=\"flex-basis:33.33%\">\n<p class=\"small\">Aromaterapia<\/p>\n\n\n\n<p class=\"sub\">50-80min<\/p>\n\n\n\n<p>Disfrute esta asombrosa t\u00e9cnica de masaje que utiliza aceites esenciales de manera natural estimulando nuestro sentido del olfato. Este procedimiento activa una parte del cerebro llamada sistema l\u00edmbico, conectado con el buen humor y las emociones, de esta forma se liberan endorfinas obteniendo como resultado un mejor estado de \u00e1nimo y una sensaci\u00f3n de felicidad interna. <\/p>\n<\/div>\n\n\n\n<div class=\"wp-block-column is-layout-flow wp-block-column-is-layout-flow\" style=\"flex-basis:66.66%\">\n<figure class=\"wp-block-image size-large\"><img loading=\"lazy\" decoding=\"async\" width=\"1024\" height=\"533\" src=\"https:\/\/magicspavallarta.com\/wp-content\/uploads\/2022\/01\/aromatheraphy-in-puerto-vallarta-1024x533.jpg\" alt=\"\" class=\"wp-image-399\" srcset=\"https:\/\/magicspavallarta.com\/wp-content\/uploads\/2022\/01\/aromatheraphy-in-puerto-vallarta-1024x533.jpg 1024w, https:\/\/magicspavallarta.com\/wp-content\/uploads\/2022\/01\/aromatheraphy-in-puerto-vallarta-300x156.jpg 300w, https:\/\/magicspavallarta.com\/wp-content\/uploads\/2022\/01\/aromatheraphy-in-puerto-vallarta-768x400.jpg 768w, https:\/\/magicspavallarta.com\/wp-content\/uploads\/2022\/01\/aromatheraphy-in-puerto-vallarta-450x234.jpg 450w, https:\/\/magicspavallarta.com\/wp-content\/uploads\/2022\/01\/aromatheraphy-in-puerto-vallarta.jpg 1200w\" sizes=\"auto, (max-width: 1024px) 100vw, 1024px\" \/><\/figure>\n<\/div>\n<\/div>\n\n\n\n<div style=\"height:25px\" aria-hidden=\"true\" class=\"wp-block-spacer\"><\/div>\n\n\n\n<div class=\"wp-block-columns alignwide is-layout-flex wp-container-core-columns-is-layout-9d6595d7 wp-block-columns-is-layout-flex\">\n<div class=\"wp-block-column is-layout-flow wp-block-column-is-layout-flow\" style=\"flex-basis:66.66%\">\n<figure class=\"wp-block-image size-large\"><img loading=\"lazy\" decoding=\"async\" width=\"1024\" height=\"533\" src=\"https:\/\/magicspavallarta.com\/wp-content\/uploads\/2022\/01\/foot-massage-in-puerto-vallarta-1024x533.jpg\" alt=\"\" class=\"wp-image-400\" srcset=\"https:\/\/magicspavallarta.com\/wp-content\/uploads\/2022\/01\/foot-massage-in-puerto-vallarta-1024x533.jpg 1024w, https:\/\/magicspavallarta.com\/wp-content\/uploads\/2022\/01\/foot-massage-in-puerto-vallarta-300x156.jpg 300w, https:\/\/magicspavallarta.com\/wp-content\/uploads\/2022\/01\/foot-massage-in-puerto-vallarta-768x400.jpg 768w, https:\/\/magicspavallarta.com\/wp-content\/uploads\/2022\/01\/foot-massage-in-puerto-vallarta-450x234.jpg 450w, https:\/\/magicspavallarta.com\/wp-content\/uploads\/2022\/01\/foot-massage-in-puerto-vallarta.jpg 1200w\" sizes=\"auto, (max-width: 1024px) 100vw, 1024px\" \/><\/figure>\n<\/div>\n\n\n\n<div class=\"wp-block-column is-layout-flow wp-block-column-is-layout-flow\" style=\"flex-basis:33.33%\">\n<p class=\"small\">Masaje Pies Cansados<\/p>\n\n\n\n<p class=\"sub\">25min<\/p>\n\n\n\n<p>Nuestros pies son una de las partes m\u00e1s importantes de nuestro cuerpo porque soportan nuestro peso corporal todos los d\u00edas. Ayud\u00e1los y deja que disfruten con esta t\u00e9cnica que brinda varios beneficios como relajar nuestros m\u00fasculos casi al instante, reduce los niveles de ansiedad y estr\u00e9s, elimina el dolor en los pies, esto tambi\u00e9n mejora el flujo sangu\u00edneo y la presi\u00f3n arterial.<\/p>\n<\/div>\n<\/div>\n\n\n\n<div style=\"height:25px\" aria-hidden=\"true\" class=\"wp-block-spacer\"><\/div>\n\n\n\n<div class=\"wp-block-columns alignwide is-layout-flex wp-container-core-columns-is-layout-9d6595d7 wp-block-columns-is-layout-flex\">\n<div class=\"wp-block-column is-layout-flow wp-block-column-is-layout-flow\" style=\"flex-basis:33.33%\">\n<p class=\"small\">Masaje Terap\u00e9utico<\/p>\n\n\n\n<p class=\"sub\">50-80min<\/p>\n\n\n\n<p>Disfrute esta t\u00e9cnica que es una combinaci\u00f3n de varios masajes (Relajante, Tejido Profundo, Lomi Lomi, Shiatsu y Reflexolog\u00eda) que le ayuda a mejorar lesiones musculares, reduce tensiones en los m\u00fasculos, mejora la circulaci\u00f3n sangu\u00ednea y linf\u00e1tica reduciendo los niveles de estr\u00e9s. <\/p>\n<\/div>\n\n\n\n<div class=\"wp-block-column is-layout-flow wp-block-column-is-layout-flow\" style=\"flex-basis:66.66%\">\n<figure class=\"wp-block-image size-large\"><img loading=\"lazy\" decoding=\"async\" width=\"1024\" height=\"533\" src=\"https:\/\/magicspavallarta.com\/wp-content\/uploads\/2022\/01\/therapeuthic-massage-in-puerto-vallarta-1024x533.jpg\" alt=\"\" class=\"wp-image-401\" srcset=\"https:\/\/magicspavallarta.com\/wp-content\/uploads\/2022\/01\/therapeuthic-massage-in-puerto-vallarta-1024x533.jpg 1024w, https:\/\/magicspavallarta.com\/wp-content\/uploads\/2022\/01\/therapeuthic-massage-in-puerto-vallarta-300x156.jpg 300w, https:\/\/magicspavallarta.com\/wp-content\/uploads\/2022\/01\/therapeuthic-massage-in-puerto-vallarta-768x400.jpg 768w, https:\/\/magicspavallarta.com\/wp-content\/uploads\/2022\/01\/therapeuthic-massage-in-puerto-vallarta-450x234.jpg 450w, https:\/\/magicspavallarta.com\/wp-content\/uploads\/2022\/01\/therapeuthic-massage-in-puerto-vallarta.jpg 1200w\" sizes=\"auto, (max-width: 1024px) 100vw, 1024px\" \/><\/figure>\n<\/div>\n<\/div>\n\n\n\n<div style=\"height:25px\" aria-hidden=\"true\" class=\"wp-block-spacer\"><\/div>\n\n\n\n<div class=\"wp-block-columns alignwide is-layout-flex wp-container-core-columns-is-layout-9d6595d7 wp-block-columns-is-layout-flex\">\n<div class=\"wp-block-column is-layout-flow wp-block-column-is-layout-flow\" style=\"flex-basis:66.66%\">\n<figure class=\"wp-block-image size-large\"><img loading=\"lazy\" decoding=\"async\" width=\"1024\" height=\"533\" src=\"https:\/\/magicspavallarta.com\/wp-content\/uploads\/2022\/01\/reflexology-of-hands-massage-in-puerto-vallarta-1024x533.jpg\" alt=\"\" class=\"wp-image-402\" srcset=\"https:\/\/magicspavallarta.com\/wp-content\/uploads\/2022\/01\/reflexology-of-hands-massage-in-puerto-vallarta-1024x533.jpg 1024w, https:\/\/magicspavallarta.com\/wp-content\/uploads\/2022\/01\/reflexology-of-hands-massage-in-puerto-vallarta-300x156.jpg 300w, https:\/\/magicspavallarta.com\/wp-content\/uploads\/2022\/01\/reflexology-of-hands-massage-in-puerto-vallarta-768x400.jpg 768w, https:\/\/magicspavallarta.com\/wp-content\/uploads\/2022\/01\/reflexology-of-hands-massage-in-puerto-vallarta-450x234.jpg 450w, https:\/\/magicspavallarta.com\/wp-content\/uploads\/2022\/01\/reflexology-of-hands-massage-in-puerto-vallarta.jpg 1200w\" sizes=\"auto, (max-width: 1024px) 100vw, 1024px\" \/><\/figure>\n<\/div>\n\n\n\n<div class=\"wp-block-column is-layout-flow wp-block-column-is-layout-flow\" style=\"flex-basis:33.33%\">\n<p class=\"small\">Reflexolog\u00eda pies\/manos<\/p>\n\n\n\n<p class=\"sub\">25-50min<\/p>\n\n\n\n<p>Es una t\u00e9cnica magn\u00edfica de digitopuntura que estimula puntos espec\u00edficos en pies y manos los cuales est\u00e1n conectados al sistema nervioso y el resultado se refleja en los \u00f3rganos del cuerpo al activar las funciones curativas para reducir el estr\u00e9s. <\/p>\n<\/div>\n<\/div>\n\n\n\n<div style=\"height:25px\" aria-hidden=\"true\" class=\"wp-block-spacer\"><\/div>\n\n\n\n<div class=\"wp-block-columns alignwide is-layout-flex wp-container-core-columns-is-layout-9d6595d7 wp-block-columns-is-layout-flex\">\n<div class=\"wp-block-column is-layout-flow wp-block-column-is-layout-flow\" style=\"flex-basis:33.33%\">\n<p class=\"small\">Masaje de espalda y cuello<\/p>\n\n\n\n<p class=\"sub\">25min<\/p>\n\n\n\n<p>Disfrute de esta t\u00e9cnica de masaje express, pero efectiva que descontractura y relaja los m\u00fasculos al enfocar las manipulaciones en los canales de energ\u00eda que liberan la tensi\u00f3n muscular del cuello y espalda. Reduce la ansiedad y el estr\u00e9s causado por malas posturas del cuerpo. <\/p>\n<\/div>\n\n\n\n<div class=\"wp-block-column is-layout-flow wp-block-column-is-layout-flow\" style=\"flex-basis:66.66%\">\n<figure class=\"wp-block-image size-large\"><img loading=\"lazy\" decoding=\"async\" width=\"1024\" height=\"533\" src=\"https:\/\/magicspavallarta.com\/wp-content\/uploads\/2022\/01\/back-and-neck-massage-in-puerto-vallarta-1024x533.jpg\" alt=\"\" class=\"wp-image-403\" srcset=\"https:\/\/magicspavallarta.com\/wp-content\/uploads\/2022\/01\/back-and-neck-massage-in-puerto-vallarta-1024x533.jpg 1024w, https:\/\/magicspavallarta.com\/wp-content\/uploads\/2022\/01\/back-and-neck-massage-in-puerto-vallarta-300x156.jpg 300w, https:\/\/magicspavallarta.com\/wp-content\/uploads\/2022\/01\/back-and-neck-massage-in-puerto-vallarta-768x400.jpg 768w, https:\/\/magicspavallarta.com\/wp-content\/uploads\/2022\/01\/back-and-neck-massage-in-puerto-vallarta-450x234.jpg 450w, https:\/\/magicspavallarta.com\/wp-content\/uploads\/2022\/01\/back-and-neck-massage-in-puerto-vallarta.jpg 1200w\" sizes=\"auto, (max-width: 1024px) 100vw, 1024px\" \/><\/figure>\n<\/div>\n<\/div>\n\n\n\n<div class=\"wp-block-cover alignfull has-background-dim has-parallax\" style=\"background-image:url(https:\/\/magicspavallarta.com\/wp-content\/uploads\/2022\/02\/spa-in-puerto-vallarta-12.jpg)\"><div class=\"wp-block-cover__inner-container is-layout-flow wp-block-cover-is-layout-flow\">\n<p class=\"small\">Reservar ahora<\/p>\n\n\n\n<div class=\"wp-block-buttons is-content-justification-center is-layout-flex wp-block-buttons-is-layout-flex\">\n<div class=\"wp-block-button is-style-outline is-style-outline--1\"><a class=\"wp-block-button__link\" href=\"https:\/\/magicspavallarta.com\/es\/booking-form\/\" style=\"border-radius:4px\">Reservar<\/a><\/div>\n<\/div>\n<\/div><\/div>","protected":false},"excerpt":{"rendered":"<p>Swedish Massage 50-80min Enjoy a relaxing experience which helps stimulate blood flow, lowers the levels of stress and helps sleep by relaxing both brain and muscles. Deep Tissue Massage 50-80min&hellip;<\/p>","protected":false},"author":1,"featured_media":0,"parent":0,"menu_order":0,"comment_status":"closed","ping_status":"closed","template":"","meta":{"footnotes":""},"class_list":["post-386","page","type-page","status-publish","hentry"],"_links":{"self":[{"href":"https:\/\/magicspavallarta.com\/es\/wp-json\/wp\/v2\/pages\/386","targetHints":{"allow":["GET"]}}],"collection":[{"href":"https:\/\/magicspavallarta.com\/es\/wp-json\/wp\/v2\/pages"}],"about":[{"href":"https:\/\/magicspavallarta.com\/es\/wp-json\/wp\/v2\/types\/page"}],"author":[{"embeddable":true,"href":"https:\/\/magicspavallarta.com\/es\/wp-json\/wp\/v2\/users\/1"}],"replies":[{"embeddable":true,"href":"https:\/\/magicspavallarta.com\/es\/wp-json\/wp\/v2\/comments?post=386"}],"version-history":[{"count":19,"href":"https:\/\/magicspavallarta.com\/es\/wp-json\/wp\/v2\/pages\/386\/revisions"}],"predecessor-version":[{"id":591,"href":"https:\/\/magicspavallarta.com\/es\/wp-json\/wp\/v2\/pages\/386\/revisions\/591"}],"wp:attachment":[{"href":"https:\/\/magicspavallarta.com\/es\/wp-json\/wp\/v2\/media?parent=386"}],"curies":[{"name":"wp","href":"https:\/\/api.w.org\/{rel}","templated":true}]}}